{"id":5784,"date":"2020-03-19T02:52:16","date_gmt":"2020-03-18T19:52:16","guid":{"rendered":"https:\/\/matca.vn\/?post_type=product&#038;p=5784"},"modified":"2022-12-06T13:57:01","modified_gmt":"2022-12-06T06:57:01","slug":"we-will-have-been-young","status":"publish","type":"product","link":"https:\/\/matca.vn\/en\/san-pham\/we-will-have-been-young\/","title":{"rendered":"we will have been young"},"content":{"rendered":"<p><em>we will have been young<\/em> bao g\u1ed3m 12 b\u1ed9 \u1ea3nh th\u1ec3 hi\u1ec7n nh\u1eefng tr\u0103n tr\u1edf c\u00e1 nh\u00e2n v\u1ec1 tu\u1ed5i tr\u1ebb v\u00e0 t\u01b0\u01a1ng lai b\u1ea5t \u0111\u1ecbnh, \u0111\u01b0\u1ee3c th\u1ec3 hi\u1ec7n s\u1ed1ng \u0111\u1ed9ng qua ng\u00f4n ng\u1eef nhi\u1ebfp \u1ea3nh \u0111a d\u1ea1ng c\u1ee7a 12 nhi\u1ebfp \u1ea3nh gia t\u1eeb \u0110\u00f4ng Nam \u00c1. T\u00e1c ph\u1ea9m c\u1ee7a h\u1ecd \u0111\u01b0\u1ee3c th\u1ef1c hi\u1ec7n trong kho\u1ea3ng th\u1eddi gian 2016 &#8211; 2017 d\u01b0\u1edbi s\u1ef1 h\u01b0\u1edbng d\u1eabn c\u1ee7a hai gi\u1ea3ng vi\u00ean ng\u01b0\u1eddi \u0110\u1ee9c, J\u00f6rg Br\u00fcggemann v\u00e0 Tobias Kruse, trong khu\u00f4n kh\u1ed5 OBSCURA Festival of Photography.<\/p>\n<p>12 nhi\u1ebfp \u1ea3nh gia bao g\u1ed3m: Alvin Lau (Malaysia), Amrita Chandradas (Singapore), Muhammad Fadli (Indonesia), Dennese Victoria (Philippines), Kanel Khiev (Cambodia), Dwi Asrul Fajar (Indonesia), Elliott Koon (Malaysia), Watsamon Tri-yasakda (Th\u00e1i Lan), Lee Chang Ming (Singapore), Geric Cruz (Philippines), Linh Ph\u1ea1m (Vi\u1ec7t Nam), Yu Yu Myint Than (Myanmar).<\/p>\n<p>Format: B\u00eca c\u1ee9ng<br \/>\nNh\u00e0 xu\u1ea5t b\u1ea3n: dienacht<br \/>\nN\u0103m xu\u1ea5t b\u1ea3n: 2017<br \/>\nS\u1ed1 trang: 200<br \/>\nK\u00edch th\u01b0\u1edbc: 15 x 20 cm<br \/>\nNg\u00f4n ng\u1eef: Ti\u1ebfng Anh v\u00e0 ti\u1ebfng \u0110\u1ee9c <\/p>\n","protected":false},"excerpt":{"rendered":"<p>Nh\u1eefng tr\u0103n tr\u1edf c\u00e1 nh\u00e2n v\u1ec1 tu\u1ed5i tr\u1ebb v\u00e0 t\u01b0\u01a1ng lai b\u1ea5t \u0111\u1ecbnh qua g\u00f3c nh\u00ecn c\u1ee7a 12 nhi\u1ebfp \u1ea3nh gia t\u1eeb \u0110\u00f4ng Nam \u00c1.<\/p>\n","protected":false},"featured_media":12438,"template":"","meta":[],"product_brand":[],"product_cat":[819],"product_tag":[],"class_list":{"0":"post-5784","1":"product","2":"type-product","3":"status-publish","4":"has-post-thumbnail","6":"product_cat-photobook","8":"first","9":"outofstock","10":"sale","11":"shipping-taxable","12":"purchasable","13":"product-type-simple"},"yoast_head":"<!-- This site is optimized with the Yoast SEO plugin v27.4 - https:\/\/yoast.com\/product\/yoast-seo-wordpress\/ -->\n<title>we will have been young - Matca<\/title>\n<meta name=\"robots\" content=\"index, follow, max-snippet:-1, max-image-preview:large, max-video-preview:-1\" \/>\n<link rel=\"canonical\" href=\"https:\/\/matca.vn\/en\/san-pham\/we-will-have-been-young\/\" \/>\n<meta property=\"og:locale\" content=\"en_US\" \/>\n<meta property=\"og:type\" content=\"article\" \/>\n<meta property=\"og:title\" content=\"we will have been young - Matca\" \/>\n<meta property=\"og:description\" content=\"Nh\u1eefng tr\u0103n tr\u1edf c\u00e1 nh\u00e2n v\u1ec1 tu\u1ed5i tr\u1ebb v\u00e0 t\u01b0\u01a1ng lai b\u1ea5t \u0111\u1ecbnh qua g\u00f3c nh\u00ecn c\u1ee7a 12 nhi\u1ebfp \u1ea3nh gia t\u1eeb \u0110\u00f4ng Nam \u00c1.\" \/>\n<meta property=\"og:url\" content=\"https:\/\/matca.vn\/en\/san-pham\/we-will-have-been-young\/\" \/>\n<meta property=\"og:site_name\" content=\"Matca\" \/>\n<meta property=\"article:publisher\" content=\"https:\/\/www.facebook.com\/matca.vn\" \/>\n<meta property=\"article:modified_time\" content=\"2022-12-06T06:57:01+00:00\" \/>\n<meta property=\"og:image\" content=\"https:\/\/matca.vn\/wp-content\/uploads\/2020\/03\/wwhby_photobook_001.jpg\" \/>\n\t<meta property=\"og:image:width\" content=\"1600\" \/>\n\t<meta property=\"og:image:height\" content=\"1600\" \/>\n\t<meta property=\"og:image:type\" content=\"image\/jpeg\" \/>\n<meta name=\"twitter:card\" content=\"summary_large_image\" \/>\n<meta name=\"twitter:site\" content=\"@matcavn\" \/>\n<meta name=\"twitter:label1\" content=\"Est. reading time\" \/>\n\t<meta name=\"twitter:data1\" content=\"1 minute\" \/>\n<script type=\"application\/ld+json\" class=\"yoast-schema-graph\">{\"@context\":\"https:\\\/\\\/schema.org\",\"@graph\":[{\"@type\":\"WebPage\",\"@id\":\"https:\\\/\\\/matca.vn\\\/en\\\/san-pham\\\/we-will-have-been-young\\\/\",\"url\":\"https:\\\/\\\/matca.vn\\\/en\\\/san-pham\\\/we-will-have-been-young\\\/\",\"name\":\"we will have been young - Matca\",\"isPartOf\":{\"@id\":\"https:\\\/\\\/matca.vn\\\/en\\\/#website\"},\"primaryImageOfPage\":{\"@id\":\"https:\\\/\\\/matca.vn\\\/en\\\/san-pham\\\/we-will-have-been-young\\\/#primaryimage\"},\"image\":{\"@id\":\"https:\\\/\\\/matca.vn\\\/en\\\/san-pham\\\/we-will-have-been-young\\\/#primaryimage\"},\"thumbnailUrl\":\"https:\\\/\\\/matca.vn\\\/wp-content\\\/uploads\\\/2020\\\/03\\\/wwhby_photobook_001.jpg\",\"datePublished\":\"2020-03-18T19:52:16+00:00\",\"dateModified\":\"2022-12-06T06:57:01+00:00\",\"breadcrumb\":{\"@id\":\"https:\\\/\\\/matca.vn\\\/en\\\/san-pham\\\/we-will-have-been-young\\\/#breadcrumb\"},\"inLanguage\":\"en-US\",\"potentialAction\":[{\"@type\":\"ReadAction\",\"target\":[\"https:\\\/\\\/matca.vn\\\/en\\\/san-pham\\\/we-will-have-been-young\\\/\"]}]},{\"@type\":\"ImageObject\",\"inLanguage\":\"en-US\",\"@id\":\"https:\\\/\\\/matca.vn\\\/en\\\/san-pham\\\/we-will-have-been-young\\\/#primaryimage\",\"url\":\"https:\\\/\\\/matca.vn\\\/wp-content\\\/uploads\\\/2020\\\/03\\\/wwhby_photobook_001.jpg\",\"contentUrl\":\"https:\\\/\\\/matca.vn\\\/wp-content\\\/uploads\\\/2020\\\/03\\\/wwhby_photobook_001.jpg\",\"width\":1600,\"height\":1600},{\"@type\":\"BreadcrumbList\",\"@id\":\"https:\\\/\\\/matca.vn\\\/en\\\/san-pham\\\/we-will-have-been-young\\\/#breadcrumb\",\"itemListElement\":[{\"@type\":\"ListItem\",\"position\":1,\"name\":\"Home\",\"item\":\"https:\\\/\\\/matca.vn\\\/en\\\/\"},{\"@type\":\"ListItem\",\"position\":2,\"name\":\"Store\",\"item\":\"https:\\\/\\\/matca.vn\\\/en\\\/store\\\/\"},{\"@type\":\"ListItem\",\"position\":3,\"name\":\"we will have been young\"}]},{\"@type\":\"WebSite\",\"@id\":\"https:\\\/\\\/matca.vn\\\/en\\\/#website\",\"url\":\"https:\\\/\\\/matca.vn\\\/en\\\/\",\"name\":\"Matca\",\"description\":\"A gathering space for photographers &amp; visual artists in Vietnam.\",\"potentialAction\":[{\"@type\":\"SearchAction\",\"target\":{\"@type\":\"EntryPoint\",\"urlTemplate\":\"https:\\\/\\\/matca.vn\\\/en\\\/?s={search_term_string}\"},\"query-input\":{\"@type\":\"PropertyValueSpecification\",\"valueRequired\":true,\"valueName\":\"search_term_string\"}}],\"inLanguage\":\"en-US\"}]}<\/script>\n<!-- \/ Yoast SEO plugin. -->","yoast_head_json":{"title":"we will have been young - Matca","robots":{"index":"index","follow":"follow","max-snippet":"max-snippet:-1","max-image-preview":"max-image-preview:large","max-video-preview":"max-video-preview:-1"},"canonical":"https:\/\/matca.vn\/en\/san-pham\/we-will-have-been-young\/","og_locale":"en_US","og_type":"article","og_title":"we will have been young - Matca","og_description":"Nh\u1eefng tr\u0103n tr\u1edf c\u00e1 nh\u00e2n v\u1ec1 tu\u1ed5i tr\u1ebb v\u00e0 t\u01b0\u01a1ng lai b\u1ea5t \u0111\u1ecbnh qua g\u00f3c nh\u00ecn c\u1ee7a 12 nhi\u1ebfp \u1ea3nh gia t\u1eeb \u0110\u00f4ng Nam \u00c1.","og_url":"https:\/\/matca.vn\/en\/san-pham\/we-will-have-been-young\/","og_site_name":"Matca","article_publisher":"https:\/\/www.facebook.com\/matca.vn","article_modified_time":"2022-12-06T06:57:01+00:00","og_image":[{"width":1600,"height":1600,"url":"https:\/\/matca.vn\/wp-content\/uploads\/2020\/03\/wwhby_photobook_001.jpg","type":"image\/jpeg"}],"twitter_card":"summary_large_image","twitter_site":"@matcavn","twitter_misc":{"Est. reading time":"1 minute"},"schema":{"@context":"https:\/\/schema.org","@graph":[{"@type":"WebPage","@id":"https:\/\/matca.vn\/en\/san-pham\/we-will-have-been-young\/","url":"https:\/\/matca.vn\/en\/san-pham\/we-will-have-been-young\/","name":"we will have been young - Matca","isPartOf":{"@id":"https:\/\/matca.vn\/en\/#website"},"primaryImageOfPage":{"@id":"https:\/\/matca.vn\/en\/san-pham\/we-will-have-been-young\/#primaryimage"},"image":{"@id":"https:\/\/matca.vn\/en\/san-pham\/we-will-have-been-young\/#primaryimage"},"thumbnailUrl":"https:\/\/matca.vn\/wp-content\/uploads\/2020\/03\/wwhby_photobook_001.jpg","datePublished":"2020-03-18T19:52:16+00:00","dateModified":"2022-12-06T06:57:01+00:00","breadcrumb":{"@id":"https:\/\/matca.vn\/en\/san-pham\/we-will-have-been-young\/#breadcrumb"},"inLanguage":"en-US","potentialAction":[{"@type":"ReadAction","target":["https:\/\/matca.vn\/en\/san-pham\/we-will-have-been-young\/"]}]},{"@type":"ImageObject","inLanguage":"en-US","@id":"https:\/\/matca.vn\/en\/san-pham\/we-will-have-been-young\/#primaryimage","url":"https:\/\/matca.vn\/wp-content\/uploads\/2020\/03\/wwhby_photobook_001.jpg","contentUrl":"https:\/\/matca.vn\/wp-content\/uploads\/2020\/03\/wwhby_photobook_001.jpg","width":1600,"height":1600},{"@type":"BreadcrumbList","@id":"https:\/\/matca.vn\/en\/san-pham\/we-will-have-been-young\/#breadcrumb","itemListElement":[{"@type":"ListItem","position":1,"name":"Home","item":"https:\/\/matca.vn\/en\/"},{"@type":"ListItem","position":2,"name":"Store","item":"https:\/\/matca.vn\/en\/store\/"},{"@type":"ListItem","position":3,"name":"we will have been young"}]},{"@type":"WebSite","@id":"https:\/\/matca.vn\/en\/#website","url":"https:\/\/matca.vn\/en\/","name":"Matca","description":"A gathering space for photographers &amp; visual artists in Vietnam.","potentialAction":[{"@type":"SearchAction","target":{"@type":"EntryPoint","urlTemplate":"https:\/\/matca.vn\/en\/?s={search_term_string}"},"query-input":{"@type":"PropertyValueSpecification","valueRequired":true,"valueName":"search_term_string"}}],"inLanguage":"en-US"}]}},"jetpack_sharing_enabled":true,"_links":{"self":[{"href":"https:\/\/matca.vn\/en\/wp-json\/wp\/v2\/product\/5784","targetHints":{"allow":["GET"]}}],"collection":[{"href":"https:\/\/matca.vn\/en\/wp-json\/wp\/v2\/product"}],"about":[{"href":"https:\/\/matca.vn\/en\/wp-json\/wp\/v2\/types\/product"}],"wp:featuredmedia":[{"embeddable":true,"href":"https:\/\/matca.vn\/en\/wp-json\/wp\/v2\/media\/12438"}],"wp:attachment":[{"href":"https:\/\/matca.vn\/en\/wp-json\/wp\/v2\/media?parent=5784"}],"wp:term":[{"taxonomy":"product_brand","embeddable":true,"href":"https:\/\/matca.vn\/en\/wp-json\/wp\/v2\/product_brand?post=5784"},{"taxonomy":"product_cat","embeddable":true,"href":"https:\/\/matca.vn\/en\/wp-json\/wp\/v2\/product_cat?post=5784"},{"taxonomy":"product_tag","embeddable":true,"href":"https:\/\/matca.vn\/en\/wp-json\/wp\/v2\/product_tag?post=5784"}],"curies":[{"name":"wp","href":"https:\/\/api.w.org\/{rel}","templated":true}]}}