{"id":22702,"date":"2025-10-02T15:25:13","date_gmt":"2025-10-02T08:25:13","guid":{"rendered":"https:\/\/matca.vn\/?post_type=product&#038;p=22702"},"modified":"2026-01-26T14:18:20","modified_gmt":"2026-01-26T07:18:20","slug":"ha-noi-oi","status":"publish","type":"product","link":"https:\/\/matca.vn\/en\/san-pham\/ha-noi-oi\/","title":{"rendered":"H\u00e0 N\u1ed9i \u01a0i"},"content":{"rendered":"<p><span style=\"font-weight: 400;\"><em>H\u00e0 N\u1ed9i \u01a0i<\/em> brings together works by nine Vietnamese and international photographers, William E. Crawford, Nguy\u1ec5n H\u1eefu B\u1ea3o, Nicolas Cornet, Ho\u00e0i Linh, \u0110\u1ed3ng Hi\u1ebfu, L\u00ea Anh D\u0169ng, L\u00ea Xu\u00e2n Phong, Ng\u00f4 L\u00e2m Thanh, and V\u0169 Kh\u00f4i Nguy\u00ean, tracing Hanoi from the post-war years to the present. Moving through alleyways, lakes, the Red River, and the Old Quarter, the book weaves memory and everyday life into an intimate portrait of the city.<\/span><\/p>\n<p><span style=\"font-weight: 400;\">Format: Hardcover<br \/>\n<\/span><span style=\"font-weight: 400;\">Publisher: Th\u00f4ng T\u1ea5n Publishing House<br \/>\n<\/span><span style=\"font-weight: 400;\">Year: 2025<br \/>\n<\/span><span style=\"font-weight: 400;\">Pages: 203<br \/>\n<\/span><span style=\"font-weight: 400;\">Size: 24 x 24 cm<br \/>\n<\/span><span style=\"font-weight: 400;\">Language: Vietnamese<\/span><\/p>\n","protected":false},"excerpt":{"rendered":"<p><span style=\"font-weight: 400;\"><em>H\u00e0 N\u1ed9i \u01a0i<\/em> brings together works by nine Vietnamese and international photographers, William E. Crawford, Nguy\u1ec5n H\u1eefu B\u1ea3o, Nicolas Cornet, Ho\u00e0i Linh, \u0110\u1ed3ng Hi\u1ebfu, L\u00ea Anh D\u0169ng, L\u00ea Xu\u00e2n Phong, Ng\u00f4 L\u00e2m Thanh, and V\u0169 Kh\u00f4i Nguy\u00ean, tracing Hanoi from the post-war years to the present.<\/span><\/p>\n","protected":false},"featured_media":22777,"template":"","meta":[],"product_brand":[],"product_cat":[823],"product_tag":[],"class_list":{"0":"post-22702","1":"product","2":"type-product","3":"status-publish","4":"has-post-thumbnail","6":"product_cat-photobook-en","8":"first","9":"instock","10":"shipping-taxable","11":"purchasable","12":"product-type-simple"},"yoast_head":"<!-- This site is optimized with the Yoast SEO plugin v27.3 - https:\/\/yoast.com\/product\/yoast-seo-wordpress\/ -->\n<title>H\u00e0 N\u1ed9i \u01a0i - Matca<\/title>\n<meta name=\"robots\" content=\"index, follow, max-snippet:-1, max-image-preview:large, max-video-preview:-1\" \/>\n<link rel=\"canonical\" href=\"https:\/\/matca.vn\/en\/san-pham\/ha-noi-oi\/\" \/>\n<meta property=\"og:locale\" content=\"en_US\" \/>\n<meta property=\"og:type\" content=\"article\" \/>\n<meta property=\"og:title\" content=\"H\u00e0 N\u1ed9i \u01a0i - Matca\" \/>\n<meta property=\"og:description\" content=\"H\u00e0 N\u1ed9i \u01a0i brings together works by nine Vietnamese and international photographers, William E. Crawford, Nguy\u1ec5n H\u1eefu B\u1ea3o, Nicolas Cornet, Ho\u00e0i Linh, \u0110\u1ed3ng Hi\u1ebfu, L\u00ea Anh D\u0169ng, L\u00ea Xu\u00e2n Phong, Ng\u00f4 L\u00e2m Thanh, and V\u0169 Kh\u00f4i Nguy\u00ean, tracing Hanoi from the post-war years to the present.\" \/>\n<meta property=\"og:url\" content=\"https:\/\/matca.vn\/en\/san-pham\/ha-noi-oi\/\" \/>\n<meta property=\"og:site_name\" content=\"Matca\" \/>\n<meta property=\"article:publisher\" content=\"https:\/\/www.facebook.com\/matca.vn\" \/>\n<meta property=\"article:modified_time\" content=\"2026-01-26T07:18:20+00:00\" \/>\n<meta property=\"og:image\" content=\"https:\/\/matca.vn\/wp-content\/uploads\/2025\/10\/spread-HNO-0-w.jpg\" \/>\n\t<meta property=\"og:image:width\" content=\"2000\" \/>\n\t<meta property=\"og:image:height\" content=\"2000\" \/>\n\t<meta property=\"og:image:type\" content=\"image\/jpeg\" \/>\n<meta name=\"twitter:card\" content=\"summary_large_image\" \/>\n<meta name=\"twitter:site\" content=\"@matcavn\" \/>\n<meta name=\"twitter:label1\" content=\"Est. reading time\" \/>\n\t<meta name=\"twitter:data1\" content=\"1 minute\" \/>\n<script type=\"application\/ld+json\" class=\"yoast-schema-graph\">{\"@context\":\"https:\\\/\\\/schema.org\",\"@graph\":[{\"@type\":\"WebPage\",\"@id\":\"https:\\\/\\\/matca.vn\\\/en\\\/san-pham\\\/ha-noi-oi\\\/\",\"url\":\"https:\\\/\\\/matca.vn\\\/en\\\/san-pham\\\/ha-noi-oi\\\/\",\"name\":\"H\u00e0 N\u1ed9i \u01a0i - Matca\",\"isPartOf\":{\"@id\":\"https:\\\/\\\/matca.vn\\\/en\\\/#website\"},\"primaryImageOfPage\":{\"@id\":\"https:\\\/\\\/matca.vn\\\/en\\\/san-pham\\\/ha-noi-oi\\\/#primaryimage\"},\"image\":{\"@id\":\"https:\\\/\\\/matca.vn\\\/en\\\/san-pham\\\/ha-noi-oi\\\/#primaryimage\"},\"thumbnailUrl\":\"https:\\\/\\\/matca.vn\\\/wp-content\\\/uploads\\\/2025\\\/10\\\/spread-HNO-0-w.jpg\",\"datePublished\":\"2025-10-02T08:25:13+00:00\",\"dateModified\":\"2026-01-26T07:18:20+00:00\",\"breadcrumb\":{\"@id\":\"https:\\\/\\\/matca.vn\\\/en\\\/san-pham\\\/ha-noi-oi\\\/#breadcrumb\"},\"inLanguage\":\"en-US\",\"potentialAction\":[{\"@type\":\"ReadAction\",\"target\":[\"https:\\\/\\\/matca.vn\\\/en\\\/san-pham\\\/ha-noi-oi\\\/\"]}]},{\"@type\":\"ImageObject\",\"inLanguage\":\"en-US\",\"@id\":\"https:\\\/\\\/matca.vn\\\/en\\\/san-pham\\\/ha-noi-oi\\\/#primaryimage\",\"url\":\"https:\\\/\\\/matca.vn\\\/wp-content\\\/uploads\\\/2025\\\/10\\\/spread-HNO-0-w.jpg\",\"contentUrl\":\"https:\\\/\\\/matca.vn\\\/wp-content\\\/uploads\\\/2025\\\/10\\\/spread-HNO-0-w.jpg\",\"width\":2000,\"height\":2000},{\"@type\":\"BreadcrumbList\",\"@id\":\"https:\\\/\\\/matca.vn\\\/en\\\/san-pham\\\/ha-noi-oi\\\/#breadcrumb\",\"itemListElement\":[{\"@type\":\"ListItem\",\"position\":1,\"name\":\"Home\",\"item\":\"https:\\\/\\\/matca.vn\\\/en\\\/\"},{\"@type\":\"ListItem\",\"position\":2,\"name\":\"Store\",\"item\":\"https:\\\/\\\/matca.vn\\\/en\\\/store\\\/\"},{\"@type\":\"ListItem\",\"position\":3,\"name\":\"H\u00e0 N\u1ed9i \u01a0i\"}]},{\"@type\":\"WebSite\",\"@id\":\"https:\\\/\\\/matca.vn\\\/en\\\/#website\",\"url\":\"https:\\\/\\\/matca.vn\\\/en\\\/\",\"name\":\"Matca\",\"description\":\"A gathering space for photographers &amp; visual artists in Vietnam.\",\"potentialAction\":[{\"@type\":\"SearchAction\",\"target\":{\"@type\":\"EntryPoint\",\"urlTemplate\":\"https:\\\/\\\/matca.vn\\\/en\\\/?s={search_term_string}\"},\"query-input\":{\"@type\":\"PropertyValueSpecification\",\"valueRequired\":true,\"valueName\":\"search_term_string\"}}],\"inLanguage\":\"en-US\"}]}<\/script>\n<!-- \/ Yoast SEO plugin. -->","yoast_head_json":{"title":"H\u00e0 N\u1ed9i \u01a0i - Matca","robots":{"index":"index","follow":"follow","max-snippet":"max-snippet:-1","max-image-preview":"max-image-preview:large","max-video-preview":"max-video-preview:-1"},"canonical":"https:\/\/matca.vn\/en\/san-pham\/ha-noi-oi\/","og_locale":"en_US","og_type":"article","og_title":"H\u00e0 N\u1ed9i \u01a0i - Matca","og_description":"H\u00e0 N\u1ed9i \u01a0i brings together works by nine Vietnamese and international photographers, William E. Crawford, Nguy\u1ec5n H\u1eefu B\u1ea3o, Nicolas Cornet, Ho\u00e0i Linh, \u0110\u1ed3ng Hi\u1ebfu, L\u00ea Anh D\u0169ng, L\u00ea Xu\u00e2n Phong, Ng\u00f4 L\u00e2m Thanh, and V\u0169 Kh\u00f4i Nguy\u00ean, tracing Hanoi from the post-war years to the present.","og_url":"https:\/\/matca.vn\/en\/san-pham\/ha-noi-oi\/","og_site_name":"Matca","article_publisher":"https:\/\/www.facebook.com\/matca.vn","article_modified_time":"2026-01-26T07:18:20+00:00","og_image":[{"width":2000,"height":2000,"url":"https:\/\/matca.vn\/wp-content\/uploads\/2025\/10\/spread-HNO-0-w.jpg","type":"image\/jpeg"}],"twitter_card":"summary_large_image","twitter_site":"@matcavn","twitter_misc":{"Est. reading time":"1 minute"},"schema":{"@context":"https:\/\/schema.org","@graph":[{"@type":"WebPage","@id":"https:\/\/matca.vn\/en\/san-pham\/ha-noi-oi\/","url":"https:\/\/matca.vn\/en\/san-pham\/ha-noi-oi\/","name":"H\u00e0 N\u1ed9i \u01a0i - Matca","isPartOf":{"@id":"https:\/\/matca.vn\/en\/#website"},"primaryImageOfPage":{"@id":"https:\/\/matca.vn\/en\/san-pham\/ha-noi-oi\/#primaryimage"},"image":{"@id":"https:\/\/matca.vn\/en\/san-pham\/ha-noi-oi\/#primaryimage"},"thumbnailUrl":"https:\/\/matca.vn\/wp-content\/uploads\/2025\/10\/spread-HNO-0-w.jpg","datePublished":"2025-10-02T08:25:13+00:00","dateModified":"2026-01-26T07:18:20+00:00","breadcrumb":{"@id":"https:\/\/matca.vn\/en\/san-pham\/ha-noi-oi\/#breadcrumb"},"inLanguage":"en-US","potentialAction":[{"@type":"ReadAction","target":["https:\/\/matca.vn\/en\/san-pham\/ha-noi-oi\/"]}]},{"@type":"ImageObject","inLanguage":"en-US","@id":"https:\/\/matca.vn\/en\/san-pham\/ha-noi-oi\/#primaryimage","url":"https:\/\/matca.vn\/wp-content\/uploads\/2025\/10\/spread-HNO-0-w.jpg","contentUrl":"https:\/\/matca.vn\/wp-content\/uploads\/2025\/10\/spread-HNO-0-w.jpg","width":2000,"height":2000},{"@type":"BreadcrumbList","@id":"https:\/\/matca.vn\/en\/san-pham\/ha-noi-oi\/#breadcrumb","itemListElement":[{"@type":"ListItem","position":1,"name":"Home","item":"https:\/\/matca.vn\/en\/"},{"@type":"ListItem","position":2,"name":"Store","item":"https:\/\/matca.vn\/en\/store\/"},{"@type":"ListItem","position":3,"name":"H\u00e0 N\u1ed9i \u01a0i"}]},{"@type":"WebSite","@id":"https:\/\/matca.vn\/en\/#website","url":"https:\/\/matca.vn\/en\/","name":"Matca","description":"A gathering space for photographers &amp; visual artists in Vietnam.","potentialAction":[{"@type":"SearchAction","target":{"@type":"EntryPoint","urlTemplate":"https:\/\/matca.vn\/en\/?s={search_term_string}"},"query-input":{"@type":"PropertyValueSpecification","valueRequired":true,"valueName":"search_term_string"}}],"inLanguage":"en-US"}]}},"jetpack_sharing_enabled":true,"_links":{"self":[{"href":"https:\/\/matca.vn\/en\/wp-json\/wp\/v2\/product\/22702","targetHints":{"allow":["GET"]}}],"collection":[{"href":"https:\/\/matca.vn\/en\/wp-json\/wp\/v2\/product"}],"about":[{"href":"https:\/\/matca.vn\/en\/wp-json\/wp\/v2\/types\/product"}],"wp:featuredmedia":[{"embeddable":true,"href":"https:\/\/matca.vn\/en\/wp-json\/wp\/v2\/media\/22777"}],"wp:attachment":[{"href":"https:\/\/matca.vn\/en\/wp-json\/wp\/v2\/media?parent=22702"}],"wp:term":[{"taxonomy":"product_brand","embeddable":true,"href":"https:\/\/matca.vn\/en\/wp-json\/wp\/v2\/product_brand?post=22702"},{"taxonomy":"product_cat","embeddable":true,"href":"https:\/\/matca.vn\/en\/wp-json\/wp\/v2\/product_cat?post=22702"},{"taxonomy":"product_tag","embeddable":true,"href":"https:\/\/matca.vn\/en\/wp-json\/wp\/v2\/product_tag?post=22702"}],"curies":[{"name":"wp","href":"https:\/\/api.w.org\/{rel}","templated":true}]}}