{"id":22689,"date":"2025-10-02T15:15:14","date_gmt":"2025-10-02T08:15:14","guid":{"rendered":"https:\/\/matca.vn\/?post_type=product&#038;p=22689"},"modified":"2026-01-26T11:02:52","modified_gmt":"2026-01-26T04:02:52","slug":"dao-mai-trang-song-hanh-voi-nghe-thuat-vol-2","status":"publish","type":"product","link":"https:\/\/matca.vn\/en\/san-pham\/dao-mai-trang-song-hanh-voi-nghe-thuat-vol-2\/","title":{"rendered":"\u0110\u00e0o Mai Trang: Song h\u00e0nh v\u1edbi Ngh\u1ec7 thu\u1eadt Vol. 2"},"content":{"rendered":"<div>\n<div class=\"x78zum5 xdt5ytf\" data-virtualized=\"false\">\n<div class=\"x9f619 x1n2onr6 x1ja2u2z\">\n<div>\n<div>\n<div class=\"__fb-light-mode x1n2onr6\" role=\"row\">\n<div>\n<div class=\"x78zum5 xdt5ytf x1n2onr6\" tabindex=\"-1\" role=\"gridcell\" data-release-focus-from=\"CLICK\" data-scope=\"messages_table\">\n<div class=\"html-div xdj266r x14z9mp xat24cr x1lziwak xexx8yu xyri2b x18d9i69 x1c1uobl x78zum5 x1eb86dx\">\n<div class=\"html-div xdj266r x14z9mp xat24cr x1lziwak xexx8yu xyri2b x18d9i69 x1c1uobl xeuugli x1vjfegm\">\n<div>\n<div class=\"html-div xdj266r x14z9mp xat24cr x1lziwak xexx8yu xyri2b x18d9i69 x1c1uobl x78zum5 xh8yej3\" role=\"presentation\">\n<div class=\"x1cy8zhl x78zum5 xdt5ytf x193iq5w x1n2onr6 x1kxipp6\">\n<div class=\"x78zum5 xh8yej3\" role=\"none\">\n<div class=\"html-div xdj266r x14z9mp xat24cr x1lziwak xexx8yu xyri2b x18d9i69 x1c1uobl x6ikm8r x10wlt62\">\n<div class=\"html-div xdj266r x14z9mp xat24cr x1lziwak x14ctfv x13sv91t x6ikm8r x10wlt62 xerhiuh x1pn3fxy x10zy8in xm9bcq3 x1n2onr6 x1vjfegm x1k4qllp x1mzt3pk x13faqbe x1xr0vuk x1jm4cbz x114wg8e xrrpcnn x14rx4xb x13fuv20 x18b5jzi x1q0q8m5 x1t7ytsu x19livfd x1h2krnu x3p3xfz xet2kk3 xaymx6s x1lu5o8o x1ou5ly4 xofb2d2\" role=\"presentation\">\n<div class=\"html-div xexx8yu xyri2b x18d9i69 x1c1uobl x1gslohp x14z9mp x12nagc x1lziwak x1yc453h x126k92a x18lvrbx\" dir=\"auto\"><em>Song h\u00e0nh v\u1edbi Ngh\u1ec7 thu\u1eadt Vol.2<\/em> continues the roundtable conversations on the life of visual art in Vietnam, edited by author \u0110\u00e0o Mai Trang together with experienced artists, curators, and researchers. Creativity is placed at the center of all the writings, which are divided into three main sections: Creativity: Materials, Experiences, Reflections; Creativity \u2013 Beyond the Horizon; and Creativity in the Eyes of Others.<\/div>\n<div dir=\"auto\"><\/div>\n<\/div>\n<\/div>\n<\/div>\n<\/div>\n<\/div>\n<\/div>\n<\/div>\n<\/div>\n<\/div>\n<\/div>\n<\/div>\n<\/div>\n<\/div>\n<\/div>\n<\/div>\n<\/div>\n<div>\n<div class=\"x78zum5 xdt5ytf\" data-virtualized=\"false\">\n<div class=\"x9f619 x1n2onr6 x1ja2u2z\">\n<div>\n<div>\n<div class=\"__fb-light-mode x1n2onr6\" role=\"row\">\n<div>\n<div class=\"x78zum5 xdt5ytf x1n2onr6\" tabindex=\"0\" role=\"gridcell\" data-release-focus-from=\"CLICK\" data-scope=\"messages_table\">\n<div class=\"html-div xdj266r x14z9mp xat24cr x1lziwak xexx8yu xyri2b x18d9i69 x1c1uobl x78zum5 x1eb86dx\">\n<div class=\"html-div xdj266r x14z9mp xat24cr x1lziwak xexx8yu xyri2b x18d9i69 x1c1uobl xeuugli x1vjfegm\">\n<div>\n<div class=\"html-div xdj266r x14z9mp xat24cr x1lziwak xexx8yu xyri2b x18d9i69 x1c1uobl x78zum5 xh8yej3\" role=\"presentation\">\n<div class=\"x1cy8zhl x78zum5 xdt5ytf x193iq5w x1n2onr6 x1kxipp6\">\n<div class=\"x78zum5 xh8yej3\" role=\"none\">\n<div class=\"html-div xdj266r x14z9mp xat24cr x1lziwak xexx8yu xyri2b x18d9i69 x1c1uobl x6ikm8r x10wlt62\">\n<div class=\"html-div xdj266r x14z9mp xat24cr x1lziwak x14ctfv x13sv91t x6ikm8r x10wlt62 xerhiuh x1pn3fxy x10zy8in xm9bcq3 x1n2onr6 x1vjfegm x1k4qllp x1mzt3pk x13faqbe x1xr0vuk x1jm4cbz x114wg8e xrrpcnn x14rx4xb x13fuv20 x18b5jzi x1q0q8m5 x1t7ytsu x19livfd x1h2krnu x3p3xfz xet2kk3 xaymx6s x1lu5o8o x1ou5ly4 xofb2d2\" role=\"presentation\">\n<div class=\"html-div xexx8yu xyri2b x18d9i69 x1c1uobl x1gslohp x14z9mp x12nagc x1lziwak x1yc453h x126k92a x18lvrbx\" dir=\"auto\">Format: Paperback<\/div>\n<div class=\"html-div xexx8yu xyri2b x18d9i69 x1c1uobl x1gslohp x14z9mp x12nagc x1lziwak x1yc453h x126k92a x18lvrbx\" dir=\"auto\">Publisher: The Gioi Publishing House<\/div>\n<div class=\"html-div xexx8yu xyri2b x18d9i69 x1c1uobl x1gslohp x14z9mp x12nagc x1lziwak x1yc453h x126k92a x18lvrbx\" dir=\"auto\">Year: 2025<\/div>\n<div class=\"html-div xexx8yu xyri2b x18d9i69 x1c1uobl x1gslohp x14z9mp x12nagc x1lziwak x1yc453h x126k92a x18lvrbx\" dir=\"auto\">Pages 318<\/div>\n<div class=\"html-div xexx8yu xyri2b x18d9i69 x1c1uobl x1gslohp x14z9mp x12nagc x1lziwak x1yc453h x126k92a x18lvrbx\" dir=\"auto\">Size: 17 x 23cm<\/div>\n<div class=\"html-div xexx8yu xyri2b x18d9i69 x1c1uobl x1gslohp x14z9mp x12nagc x1lziwak x1yc453h x126k92a x18lvrbx\" dir=\"auto\">Language: Vietnamese<\/div>\n<\/div>\n<\/div>\n<\/div>\n<\/div>\n<\/div>\n<\/div>\n<\/div>\n<\/div>\n<\/div>\n<\/div>\n<\/div>\n<\/div>\n<\/div>\n<\/div>\n<\/div>\n<\/div>\n","protected":false},"excerpt":{"rendered":"<p><em>Song h\u00e0nh v\u1edbi Ngh\u1ec7 thu\u1eadt Vol.2<\/em> continues the roundtable conversations on the life of visual art in Vietnam, edited by author \u0110\u00e0o Mai Trang together with experienced artists, curators, and researchers.<\/p>\n","protected":false},"featured_media":22691,"template":"","meta":[],"product_brand":[],"product_cat":[823],"product_tag":[],"class_list":{"0":"post-22689","1":"product","2":"type-product","3":"status-publish","4":"has-post-thumbnail","6":"product_cat-photobook-en","8":"first","9":"instock","10":"shipping-taxable","11":"purchasable","12":"product-type-simple"},"yoast_head":"<!-- This site is optimized with the Yoast SEO plugin v27.3 - https:\/\/yoast.com\/product\/yoast-seo-wordpress\/ -->\n<title>\u0110\u00e0o Mai Trang: Song h\u00e0nh v\u1edbi Ngh\u1ec7 thu\u1eadt Vol. 2 - Matca<\/title>\n<meta name=\"robots\" content=\"index, follow, max-snippet:-1, max-image-preview:large, max-video-preview:-1\" \/>\n<link rel=\"canonical\" href=\"https:\/\/matca.vn\/en\/san-pham\/dao-mai-trang-song-hanh-voi-nghe-thuat-vol-2\/\" \/>\n<meta property=\"og:locale\" content=\"en_US\" \/>\n<meta property=\"og:type\" content=\"article\" \/>\n<meta property=\"og:title\" content=\"\u0110\u00e0o Mai Trang: Song h\u00e0nh v\u1edbi Ngh\u1ec7 thu\u1eadt Vol. 2 - Matca\" \/>\n<meta property=\"og:description\" content=\"Song h\u00e0nh v\u1edbi Ngh\u1ec7 thu\u1eadt Vol.2 continues the roundtable conversations on the life of visual art in Vietnam, edited by author \u0110\u00e0o Mai Trang together with experienced artists, curators, and researchers.\" \/>\n<meta property=\"og:url\" content=\"https:\/\/matca.vn\/en\/san-pham\/dao-mai-trang-song-hanh-voi-nghe-thuat-vol-2\/\" \/>\n<meta property=\"og:site_name\" content=\"Matca\" \/>\n<meta property=\"article:publisher\" content=\"https:\/\/www.facebook.com\/matca.vn\" \/>\n<meta property=\"article:modified_time\" content=\"2026-01-26T04:02:52+00:00\" \/>\n<meta property=\"og:image\" content=\"https:\/\/matca.vn\/wp-content\/uploads\/2025\/10\/daomaitrang_songhanhvoinghethuat_001.jpg\" \/>\n\t<meta property=\"og:image:width\" content=\"2000\" \/>\n\t<meta property=\"og:image:height\" content=\"2000\" \/>\n\t<meta property=\"og:image:type\" content=\"image\/jpeg\" \/>\n<meta name=\"twitter:card\" content=\"summary_large_image\" \/>\n<meta name=\"twitter:site\" content=\"@matcavn\" \/>\n<meta name=\"twitter:label1\" content=\"Est. reading time\" \/>\n\t<meta name=\"twitter:data1\" content=\"1 minute\" \/>\n<script type=\"application\/ld+json\" class=\"yoast-schema-graph\">{\"@context\":\"https:\\\/\\\/schema.org\",\"@graph\":[{\"@type\":\"WebPage\",\"@id\":\"https:\\\/\\\/matca.vn\\\/en\\\/san-pham\\\/dao-mai-trang-song-hanh-voi-nghe-thuat-vol-2\\\/\",\"url\":\"https:\\\/\\\/matca.vn\\\/en\\\/san-pham\\\/dao-mai-trang-song-hanh-voi-nghe-thuat-vol-2\\\/\",\"name\":\"\u0110\u00e0o Mai Trang: Song h\u00e0nh v\u1edbi Ngh\u1ec7 thu\u1eadt Vol. 2 - Matca\",\"isPartOf\":{\"@id\":\"https:\\\/\\\/matca.vn\\\/en\\\/#website\"},\"primaryImageOfPage\":{\"@id\":\"https:\\\/\\\/matca.vn\\\/en\\\/san-pham\\\/dao-mai-trang-song-hanh-voi-nghe-thuat-vol-2\\\/#primaryimage\"},\"image\":{\"@id\":\"https:\\\/\\\/matca.vn\\\/en\\\/san-pham\\\/dao-mai-trang-song-hanh-voi-nghe-thuat-vol-2\\\/#primaryimage\"},\"thumbnailUrl\":\"https:\\\/\\\/matca.vn\\\/wp-content\\\/uploads\\\/2025\\\/10\\\/daomaitrang_songhanhvoinghethuat_001.jpg\",\"datePublished\":\"2025-10-02T08:15:14+00:00\",\"dateModified\":\"2026-01-26T04:02:52+00:00\",\"breadcrumb\":{\"@id\":\"https:\\\/\\\/matca.vn\\\/en\\\/san-pham\\\/dao-mai-trang-song-hanh-voi-nghe-thuat-vol-2\\\/#breadcrumb\"},\"inLanguage\":\"en-US\",\"potentialAction\":[{\"@type\":\"ReadAction\",\"target\":[\"https:\\\/\\\/matca.vn\\\/en\\\/san-pham\\\/dao-mai-trang-song-hanh-voi-nghe-thuat-vol-2\\\/\"]}]},{\"@type\":\"ImageObject\",\"inLanguage\":\"en-US\",\"@id\":\"https:\\\/\\\/matca.vn\\\/en\\\/san-pham\\\/dao-mai-trang-song-hanh-voi-nghe-thuat-vol-2\\\/#primaryimage\",\"url\":\"https:\\\/\\\/matca.vn\\\/wp-content\\\/uploads\\\/2025\\\/10\\\/daomaitrang_songhanhvoinghethuat_001.jpg\",\"contentUrl\":\"https:\\\/\\\/matca.vn\\\/wp-content\\\/uploads\\\/2025\\\/10\\\/daomaitrang_songhanhvoinghethuat_001.jpg\",\"width\":2000,\"height\":2000},{\"@type\":\"BreadcrumbList\",\"@id\":\"https:\\\/\\\/matca.vn\\\/en\\\/san-pham\\\/dao-mai-trang-song-hanh-voi-nghe-thuat-vol-2\\\/#breadcrumb\",\"itemListElement\":[{\"@type\":\"ListItem\",\"position\":1,\"name\":\"Home\",\"item\":\"https:\\\/\\\/matca.vn\\\/en\\\/\"},{\"@type\":\"ListItem\",\"position\":2,\"name\":\"Store\",\"item\":\"https:\\\/\\\/matca.vn\\\/en\\\/store\\\/\"},{\"@type\":\"ListItem\",\"position\":3,\"name\":\"\u0110\u00e0o Mai Trang: Song h\u00e0nh v\u1edbi Ngh\u1ec7 thu\u1eadt Vol. 2\"}]},{\"@type\":\"WebSite\",\"@id\":\"https:\\\/\\\/matca.vn\\\/en\\\/#website\",\"url\":\"https:\\\/\\\/matca.vn\\\/en\\\/\",\"name\":\"Matca\",\"description\":\"A gathering space for photographers &amp; visual artists in Vietnam.\",\"potentialAction\":[{\"@type\":\"SearchAction\",\"target\":{\"@type\":\"EntryPoint\",\"urlTemplate\":\"https:\\\/\\\/matca.vn\\\/en\\\/?s={search_term_string}\"},\"query-input\":{\"@type\":\"PropertyValueSpecification\",\"valueRequired\":true,\"valueName\":\"search_term_string\"}}],\"inLanguage\":\"en-US\"}]}<\/script>\n<!-- \/ Yoast SEO plugin. -->","yoast_head_json":{"title":"\u0110\u00e0o Mai Trang: Song h\u00e0nh v\u1edbi Ngh\u1ec7 thu\u1eadt Vol. 2 - Matca","robots":{"index":"index","follow":"follow","max-snippet":"max-snippet:-1","max-image-preview":"max-image-preview:large","max-video-preview":"max-video-preview:-1"},"canonical":"https:\/\/matca.vn\/en\/san-pham\/dao-mai-trang-song-hanh-voi-nghe-thuat-vol-2\/","og_locale":"en_US","og_type":"article","og_title":"\u0110\u00e0o Mai Trang: Song h\u00e0nh v\u1edbi Ngh\u1ec7 thu\u1eadt Vol. 2 - Matca","og_description":"Song h\u00e0nh v\u1edbi Ngh\u1ec7 thu\u1eadt Vol.2 continues the roundtable conversations on the life of visual art in Vietnam, edited by author \u0110\u00e0o Mai Trang together with experienced artists, curators, and researchers.","og_url":"https:\/\/matca.vn\/en\/san-pham\/dao-mai-trang-song-hanh-voi-nghe-thuat-vol-2\/","og_site_name":"Matca","article_publisher":"https:\/\/www.facebook.com\/matca.vn","article_modified_time":"2026-01-26T04:02:52+00:00","og_image":[{"width":2000,"height":2000,"url":"https:\/\/matca.vn\/wp-content\/uploads\/2025\/10\/daomaitrang_songhanhvoinghethuat_001.jpg","type":"image\/jpeg"}],"twitter_card":"summary_large_image","twitter_site":"@matcavn","twitter_misc":{"Est. reading time":"1 minute"},"schema":{"@context":"https:\/\/schema.org","@graph":[{"@type":"WebPage","@id":"https:\/\/matca.vn\/en\/san-pham\/dao-mai-trang-song-hanh-voi-nghe-thuat-vol-2\/","url":"https:\/\/matca.vn\/en\/san-pham\/dao-mai-trang-song-hanh-voi-nghe-thuat-vol-2\/","name":"\u0110\u00e0o Mai Trang: Song h\u00e0nh v\u1edbi Ngh\u1ec7 thu\u1eadt Vol. 2 - Matca","isPartOf":{"@id":"https:\/\/matca.vn\/en\/#website"},"primaryImageOfPage":{"@id":"https:\/\/matca.vn\/en\/san-pham\/dao-mai-trang-song-hanh-voi-nghe-thuat-vol-2\/#primaryimage"},"image":{"@id":"https:\/\/matca.vn\/en\/san-pham\/dao-mai-trang-song-hanh-voi-nghe-thuat-vol-2\/#primaryimage"},"thumbnailUrl":"https:\/\/matca.vn\/wp-content\/uploads\/2025\/10\/daomaitrang_songhanhvoinghethuat_001.jpg","datePublished":"2025-10-02T08:15:14+00:00","dateModified":"2026-01-26T04:02:52+00:00","breadcrumb":{"@id":"https:\/\/matca.vn\/en\/san-pham\/dao-mai-trang-song-hanh-voi-nghe-thuat-vol-2\/#breadcrumb"},"inLanguage":"en-US","potentialAction":[{"@type":"ReadAction","target":["https:\/\/matca.vn\/en\/san-pham\/dao-mai-trang-song-hanh-voi-nghe-thuat-vol-2\/"]}]},{"@type":"ImageObject","inLanguage":"en-US","@id":"https:\/\/matca.vn\/en\/san-pham\/dao-mai-trang-song-hanh-voi-nghe-thuat-vol-2\/#primaryimage","url":"https:\/\/matca.vn\/wp-content\/uploads\/2025\/10\/daomaitrang_songhanhvoinghethuat_001.jpg","contentUrl":"https:\/\/matca.vn\/wp-content\/uploads\/2025\/10\/daomaitrang_songhanhvoinghethuat_001.jpg","width":2000,"height":2000},{"@type":"BreadcrumbList","@id":"https:\/\/matca.vn\/en\/san-pham\/dao-mai-trang-song-hanh-voi-nghe-thuat-vol-2\/#breadcrumb","itemListElement":[{"@type":"ListItem","position":1,"name":"Home","item":"https:\/\/matca.vn\/en\/"},{"@type":"ListItem","position":2,"name":"Store","item":"https:\/\/matca.vn\/en\/store\/"},{"@type":"ListItem","position":3,"name":"\u0110\u00e0o Mai Trang: Song h\u00e0nh v\u1edbi Ngh\u1ec7 thu\u1eadt Vol. 2"}]},{"@type":"WebSite","@id":"https:\/\/matca.vn\/en\/#website","url":"https:\/\/matca.vn\/en\/","name":"Matca","description":"A gathering space for photographers &amp; visual artists in Vietnam.","potentialAction":[{"@type":"SearchAction","target":{"@type":"EntryPoint","urlTemplate":"https:\/\/matca.vn\/en\/?s={search_term_string}"},"query-input":{"@type":"PropertyValueSpecification","valueRequired":true,"valueName":"search_term_string"}}],"inLanguage":"en-US"}]}},"jetpack_sharing_enabled":true,"_links":{"self":[{"href":"https:\/\/matca.vn\/en\/wp-json\/wp\/v2\/product\/22689","targetHints":{"allow":["GET"]}}],"collection":[{"href":"https:\/\/matca.vn\/en\/wp-json\/wp\/v2\/product"}],"about":[{"href":"https:\/\/matca.vn\/en\/wp-json\/wp\/v2\/types\/product"}],"wp:featuredmedia":[{"embeddable":true,"href":"https:\/\/matca.vn\/en\/wp-json\/wp\/v2\/media\/22691"}],"wp:attachment":[{"href":"https:\/\/matca.vn\/en\/wp-json\/wp\/v2\/media?parent=22689"}],"wp:term":[{"taxonomy":"product_brand","embeddable":true,"href":"https:\/\/matca.vn\/en\/wp-json\/wp\/v2\/product_brand?post=22689"},{"taxonomy":"product_cat","embeddable":true,"href":"https:\/\/matca.vn\/en\/wp-json\/wp\/v2\/product_cat?post=22689"},{"taxonomy":"product_tag","embeddable":true,"href":"https:\/\/matca.vn\/en\/wp-json\/wp\/v2\/product_tag?post=22689"}],"curies":[{"name":"wp","href":"https:\/\/api.w.org\/{rel}","templated":true}]}}