{"id":20800,"date":"2023-09-12T10:49:22","date_gmt":"2023-09-12T03:49:23","guid":{"rendered":"https:\/\/matca.vn\/?post_type=product&#038;p=20800"},"modified":"2023-10-20T10:32:08","modified_gmt":"2023-10-20T03:32:08","slug":"roots-worlds-the-hidden-face-of-vietnam-the-fall-and-rise-of-photographer-khanh-ky","status":"publish","type":"product","link":"https:\/\/matca.vn\/en\/san-pham\/roots-worlds-the-hidden-face-of-vietnam-the-fall-and-rise-of-photographer-khanh-ky\/","title":{"rendered":"Roots &#038; Worlds \u2013 The Hidden Face of Vietnam: The Fall and Rise of Photographer Kh\u00e1nh K\u00fd"},"content":{"rendered":"<p>In the inaugural talk as part of Roots &amp; Worlds, Vietnamese-Canadian visual artist &amp; researcher Jacqueline Ho\u00e0ng Nguy\u1ec5n will shed light on the understudied life and work of photographer Kh\u00e1nh K\u00fd. Recognized as the official portraitist of all the Governors in Indochina, Kh\u00e1nh K\u00fd navigated with ability the French \u00e9lite as well as the flourishing Vietnamese bourgeoisie while entrenched in the nationalist movement.<\/p>\n<p>The portraits produced by Kh\u00e1nh K\u00fd reveal a detournement of bourgeois aesthetics put to use for the local disenfranchised population. The commercial success of his studios during the first half of the XX century, from Haiphong, Hanoi, Nam Dinh to Saigon, is a testimony of a short-lived nascent counter-culture, striving for emancipation and modernity. Second, Nguy\u1ec5n will discuss her strategies to integrate archival research into the production of a new artwork.<\/p>\n","protected":false},"excerpt":{"rendered":"<p>\u2022 14.09.2023, 20:00-21:30 (GMT+7)<\/p>\n<p>\u2022 English only<\/p>\n<p>\u2022 The Google Meet link will be sent to you via email upon order completion<\/p>\n","protected":false},"featured_media":20802,"template":"","meta":[],"product_brand":[],"product_cat":[981],"product_tag":[],"class_list":{"0":"post-20800","1":"product","2":"type-product","3":"status-publish","4":"has-post-thumbnail","6":"product_cat-workshop","8":"first","9":"outofstock","10":"downloadable","11":"virtual","12":"purchasable","13":"product-type-simple"},"yoast_head":"<!-- This site is optimized with the Yoast SEO plugin v27.3 - https:\/\/yoast.com\/product\/yoast-seo-wordpress\/ -->\n<title>Roots &amp; Worlds \u2013 The Hidden Face of Vietnam: The Fall and Rise of Photographer Kh\u00e1nh K\u00fd - Matca<\/title>\n<meta name=\"robots\" content=\"index, follow, max-snippet:-1, max-image-preview:large, max-video-preview:-1\" \/>\n<link rel=\"canonical\" href=\"https:\/\/matca.vn\/en\/san-pham\/roots-worlds-the-hidden-face-of-vietnam-the-fall-and-rise-of-photographer-khanh-ky\/\" \/>\n<meta property=\"og:locale\" content=\"en_US\" \/>\n<meta property=\"og:type\" content=\"article\" \/>\n<meta property=\"og:title\" content=\"Roots &amp; Worlds \u2013 The Hidden Face of Vietnam: The Fall and Rise of Photographer Kh\u00e1nh K\u00fd - Matca\" \/>\n<meta property=\"og:description\" content=\"\u2022 14.09.2023, 20:00-21:30 (GMT+7)  \u2022 English only  \u2022 The Google Meet link will be sent to you via email upon order completion\" \/>\n<meta property=\"og:url\" content=\"https:\/\/matca.vn\/en\/san-pham\/roots-worlds-the-hidden-face-of-vietnam-the-fall-and-rise-of-photographer-khanh-ky\/\" \/>\n<meta property=\"og:site_name\" content=\"Matca\" \/>\n<meta property=\"article:publisher\" content=\"https:\/\/www.facebook.com\/matca.vn\" \/>\n<meta property=\"article:modified_time\" content=\"2023-10-20T03:32:08+00:00\" \/>\n<meta property=\"og:image\" content=\"https:\/\/matca.vn\/wp-content\/uploads\/2023\/09\/rw_socialcard_public_08092023_001_social.jpg\" \/>\n\t<meta property=\"og:image:width\" content=\"2000\" \/>\n\t<meta property=\"og:image:height\" content=\"2000\" \/>\n\t<meta property=\"og:image:type\" content=\"image\/jpeg\" \/>\n<meta name=\"twitter:card\" content=\"summary_large_image\" \/>\n<meta name=\"twitter:site\" content=\"@matcavn\" \/>\n<meta name=\"twitter:label1\" content=\"Est. reading time\" \/>\n\t<meta name=\"twitter:data1\" content=\"1 minute\" \/>\n<script type=\"application\/ld+json\" class=\"yoast-schema-graph\">{\"@context\":\"https:\\\/\\\/schema.org\",\"@graph\":[{\"@type\":\"WebPage\",\"@id\":\"https:\\\/\\\/matca.vn\\\/en\\\/san-pham\\\/roots-worlds-the-hidden-face-of-vietnam-the-fall-and-rise-of-photographer-khanh-ky\\\/\",\"url\":\"https:\\\/\\\/matca.vn\\\/en\\\/san-pham\\\/roots-worlds-the-hidden-face-of-vietnam-the-fall-and-rise-of-photographer-khanh-ky\\\/\",\"name\":\"Roots & Worlds \u2013 The Hidden Face of Vietnam: The Fall and Rise of Photographer Kh\u00e1nh K\u00fd - Matca\",\"isPartOf\":{\"@id\":\"https:\\\/\\\/matca.vn\\\/en\\\/#website\"},\"primaryImageOfPage\":{\"@id\":\"https:\\\/\\\/matca.vn\\\/en\\\/san-pham\\\/roots-worlds-the-hidden-face-of-vietnam-the-fall-and-rise-of-photographer-khanh-ky\\\/#primaryimage\"},\"image\":{\"@id\":\"https:\\\/\\\/matca.vn\\\/en\\\/san-pham\\\/roots-worlds-the-hidden-face-of-vietnam-the-fall-and-rise-of-photographer-khanh-ky\\\/#primaryimage\"},\"thumbnailUrl\":\"https:\\\/\\\/matca.vn\\\/wp-content\\\/uploads\\\/2023\\\/09\\\/rw_socialcard_public_08092023_001_social.jpg\",\"datePublished\":\"2023-09-12T03:49:23+00:00\",\"dateModified\":\"2023-10-20T03:32:08+00:00\",\"breadcrumb\":{\"@id\":\"https:\\\/\\\/matca.vn\\\/en\\\/san-pham\\\/roots-worlds-the-hidden-face-of-vietnam-the-fall-and-rise-of-photographer-khanh-ky\\\/#breadcrumb\"},\"inLanguage\":\"en-US\",\"potentialAction\":[{\"@type\":\"ReadAction\",\"target\":[\"https:\\\/\\\/matca.vn\\\/en\\\/san-pham\\\/roots-worlds-the-hidden-face-of-vietnam-the-fall-and-rise-of-photographer-khanh-ky\\\/\"]}]},{\"@type\":\"ImageObject\",\"inLanguage\":\"en-US\",\"@id\":\"https:\\\/\\\/matca.vn\\\/en\\\/san-pham\\\/roots-worlds-the-hidden-face-of-vietnam-the-fall-and-rise-of-photographer-khanh-ky\\\/#primaryimage\",\"url\":\"https:\\\/\\\/matca.vn\\\/wp-content\\\/uploads\\\/2023\\\/09\\\/rw_socialcard_public_08092023_001_social.jpg\",\"contentUrl\":\"https:\\\/\\\/matca.vn\\\/wp-content\\\/uploads\\\/2023\\\/09\\\/rw_socialcard_public_08092023_001_social.jpg\",\"width\":2000,\"height\":2000},{\"@type\":\"BreadcrumbList\",\"@id\":\"https:\\\/\\\/matca.vn\\\/en\\\/san-pham\\\/roots-worlds-the-hidden-face-of-vietnam-the-fall-and-rise-of-photographer-khanh-ky\\\/#breadcrumb\",\"itemListElement\":[{\"@type\":\"ListItem\",\"position\":1,\"name\":\"Home\",\"item\":\"https:\\\/\\\/matca.vn\\\/en\\\/\"},{\"@type\":\"ListItem\",\"position\":2,\"name\":\"Store\",\"item\":\"https:\\\/\\\/matca.vn\\\/en\\\/store\\\/\"},{\"@type\":\"ListItem\",\"position\":3,\"name\":\"Roots &#038; Worlds \u2013 The Hidden Face of Vietnam: The Fall and Rise of Photographer Kh\u00e1nh K\u00fd\"}]},{\"@type\":\"WebSite\",\"@id\":\"https:\\\/\\\/matca.vn\\\/en\\\/#website\",\"url\":\"https:\\\/\\\/matca.vn\\\/en\\\/\",\"name\":\"Matca\",\"description\":\"A gathering space for photographers &amp; visual artists in Vietnam.\",\"potentialAction\":[{\"@type\":\"SearchAction\",\"target\":{\"@type\":\"EntryPoint\",\"urlTemplate\":\"https:\\\/\\\/matca.vn\\\/en\\\/?s={search_term_string}\"},\"query-input\":{\"@type\":\"PropertyValueSpecification\",\"valueRequired\":true,\"valueName\":\"search_term_string\"}}],\"inLanguage\":\"en-US\"}]}<\/script>\n<!-- \/ Yoast SEO plugin. -->","yoast_head_json":{"title":"Roots & Worlds \u2013 The Hidden Face of Vietnam: The Fall and Rise of Photographer Kh\u00e1nh K\u00fd - Matca","robots":{"index":"index","follow":"follow","max-snippet":"max-snippet:-1","max-image-preview":"max-image-preview:large","max-video-preview":"max-video-preview:-1"},"canonical":"https:\/\/matca.vn\/en\/san-pham\/roots-worlds-the-hidden-face-of-vietnam-the-fall-and-rise-of-photographer-khanh-ky\/","og_locale":"en_US","og_type":"article","og_title":"Roots & Worlds \u2013 The Hidden Face of Vietnam: The Fall and Rise of Photographer Kh\u00e1nh K\u00fd - Matca","og_description":"\u2022 14.09.2023, 20:00-21:30 (GMT+7)  \u2022 English only  \u2022 The Google Meet link will be sent to you via email upon order completion","og_url":"https:\/\/matca.vn\/en\/san-pham\/roots-worlds-the-hidden-face-of-vietnam-the-fall-and-rise-of-photographer-khanh-ky\/","og_site_name":"Matca","article_publisher":"https:\/\/www.facebook.com\/matca.vn","article_modified_time":"2023-10-20T03:32:08+00:00","og_image":[{"width":2000,"height":2000,"url":"https:\/\/matca.vn\/wp-content\/uploads\/2023\/09\/rw_socialcard_public_08092023_001_social.jpg","type":"image\/jpeg"}],"twitter_card":"summary_large_image","twitter_site":"@matcavn","twitter_misc":{"Est. reading time":"1 minute"},"schema":{"@context":"https:\/\/schema.org","@graph":[{"@type":"WebPage","@id":"https:\/\/matca.vn\/en\/san-pham\/roots-worlds-the-hidden-face-of-vietnam-the-fall-and-rise-of-photographer-khanh-ky\/","url":"https:\/\/matca.vn\/en\/san-pham\/roots-worlds-the-hidden-face-of-vietnam-the-fall-and-rise-of-photographer-khanh-ky\/","name":"Roots & Worlds \u2013 The Hidden Face of Vietnam: The Fall and Rise of Photographer Kh\u00e1nh K\u00fd - Matca","isPartOf":{"@id":"https:\/\/matca.vn\/en\/#website"},"primaryImageOfPage":{"@id":"https:\/\/matca.vn\/en\/san-pham\/roots-worlds-the-hidden-face-of-vietnam-the-fall-and-rise-of-photographer-khanh-ky\/#primaryimage"},"image":{"@id":"https:\/\/matca.vn\/en\/san-pham\/roots-worlds-the-hidden-face-of-vietnam-the-fall-and-rise-of-photographer-khanh-ky\/#primaryimage"},"thumbnailUrl":"https:\/\/matca.vn\/wp-content\/uploads\/2023\/09\/rw_socialcard_public_08092023_001_social.jpg","datePublished":"2023-09-12T03:49:23+00:00","dateModified":"2023-10-20T03:32:08+00:00","breadcrumb":{"@id":"https:\/\/matca.vn\/en\/san-pham\/roots-worlds-the-hidden-face-of-vietnam-the-fall-and-rise-of-photographer-khanh-ky\/#breadcrumb"},"inLanguage":"en-US","potentialAction":[{"@type":"ReadAction","target":["https:\/\/matca.vn\/en\/san-pham\/roots-worlds-the-hidden-face-of-vietnam-the-fall-and-rise-of-photographer-khanh-ky\/"]}]},{"@type":"ImageObject","inLanguage":"en-US","@id":"https:\/\/matca.vn\/en\/san-pham\/roots-worlds-the-hidden-face-of-vietnam-the-fall-and-rise-of-photographer-khanh-ky\/#primaryimage","url":"https:\/\/matca.vn\/wp-content\/uploads\/2023\/09\/rw_socialcard_public_08092023_001_social.jpg","contentUrl":"https:\/\/matca.vn\/wp-content\/uploads\/2023\/09\/rw_socialcard_public_08092023_001_social.jpg","width":2000,"height":2000},{"@type":"BreadcrumbList","@id":"https:\/\/matca.vn\/en\/san-pham\/roots-worlds-the-hidden-face-of-vietnam-the-fall-and-rise-of-photographer-khanh-ky\/#breadcrumb","itemListElement":[{"@type":"ListItem","position":1,"name":"Home","item":"https:\/\/matca.vn\/en\/"},{"@type":"ListItem","position":2,"name":"Store","item":"https:\/\/matca.vn\/en\/store\/"},{"@type":"ListItem","position":3,"name":"Roots &#038; Worlds \u2013 The Hidden Face of Vietnam: The Fall and Rise of Photographer Kh\u00e1nh K\u00fd"}]},{"@type":"WebSite","@id":"https:\/\/matca.vn\/en\/#website","url":"https:\/\/matca.vn\/en\/","name":"Matca","description":"A gathering space for photographers &amp; visual artists in Vietnam.","potentialAction":[{"@type":"SearchAction","target":{"@type":"EntryPoint","urlTemplate":"https:\/\/matca.vn\/en\/?s={search_term_string}"},"query-input":{"@type":"PropertyValueSpecification","valueRequired":true,"valueName":"search_term_string"}}],"inLanguage":"en-US"}]}},"jetpack_sharing_enabled":true,"_links":{"self":[{"href":"https:\/\/matca.vn\/en\/wp-json\/wp\/v2\/product\/20800","targetHints":{"allow":["GET"]}}],"collection":[{"href":"https:\/\/matca.vn\/en\/wp-json\/wp\/v2\/product"}],"about":[{"href":"https:\/\/matca.vn\/en\/wp-json\/wp\/v2\/types\/product"}],"wp:featuredmedia":[{"embeddable":true,"href":"https:\/\/matca.vn\/en\/wp-json\/wp\/v2\/media\/20802"}],"wp:attachment":[{"href":"https:\/\/matca.vn\/en\/wp-json\/wp\/v2\/media?parent=20800"}],"wp:term":[{"taxonomy":"product_brand","embeddable":true,"href":"https:\/\/matca.vn\/en\/wp-json\/wp\/v2\/product_brand?post=20800"},{"taxonomy":"product_cat","embeddable":true,"href":"https:\/\/matca.vn\/en\/wp-json\/wp\/v2\/product_cat?post=20800"},{"taxonomy":"product_tag","embeddable":true,"href":"https:\/\/matca.vn\/en\/wp-json\/wp\/v2\/product_tag?post=20800"}],"curies":[{"name":"wp","href":"https:\/\/api.w.org\/{rel}","templated":true}]}}