{"id":14271,"date":"2020-08-26T00:28:05","date_gmt":"2020-08-25T17:28:05","guid":{"rendered":"http:\/\/matca.vn\/?post_type=product&#038;p=14271"},"modified":"2026-01-26T14:19:53","modified_gmt":"2026-01-26T07:19:53","slug":"dao-mai-trang-song-hanh-voi-nghe-thuat","status":"publish","type":"product","link":"https:\/\/matca.vn\/en\/san-pham\/dao-mai-trang-song-hanh-voi-nghe-thuat\/","title":{"rendered":"\u0110\u00e0o Mai Trang: Song H\u00e0nh V\u1edbi Ngh\u1ec7 Thu\u1eadt"},"content":{"rendered":"<p><i><span style=\"font-weight: 400;\">Song H\u00e0nh v\u1edbi Ngh\u1ec7 Thu\u1eadt<\/span><\/i><span style=\"font-weight: 400;\"> is structured into three sections. The first section features interviews with artists, curators, and researchers, addressing a wide range of issues in the Vietnamese visual art scene from 2013 to the present. The second section consists of a series of critical essays on the artistic practices of six painters. The third section presents the author\u2019s own perspectives and arguments on two long-standing topics in Vietnam\u2019s art world: the art market and the complications arising from forgery and replication; and the future of sculpture and public art, examined through the roles and responses of both governmental institutions and the public.<\/span><\/p>\n<p><span style=\"font-weight: 400;\">Format: Paperback<br \/>\n<\/span><span style=\"font-weight: 400;\">Publisher: The Gioi Publishing House<br \/>\n<\/span><span style=\"font-weight: 400;\">Year: 2020<br \/>\n<\/span><span style=\"font-weight: 400;\">Pages: 292<br \/>\n<\/span><span style=\"font-weight: 400;\">Size: 16.7 x 23 cm<br \/>\n<\/span><span style=\"font-weight: 400;\">Language: Vietnamese<\/span><\/p>\n","protected":false},"excerpt":{"rendered":"<p>T\u1ed5ng h\u1ee3p ph\u1ecfng v\u1ea5n v\u00e0 ti\u1ec3u lu\u1eadn v\u1ec1 nhi\u1ec1u v\u1ea5n \u0111\u1ec1 trong ngh\u1ec7 thu\u1eadt th\u1ecb gi\u00e1c t\u1ea1i Vi\u1ec7t Nam, tuy\u1ec3n ch\u1ecdn t\u1eeb g\u1ea7n 20 n\u0103m l\u00e0m b\u00e1o c\u1ee7a t\u00e1c gi\u1ea3.<\/p>\n","protected":false},"featured_media":14273,"template":"","meta":[],"product_brand":[],"product_cat":[823],"product_tag":[],"class_list":{"0":"post-14271","1":"product","2":"type-product","3":"status-publish","4":"has-post-thumbnail","6":"product_cat-photobook-en","8":"first","9":"instock","10":"shipping-taxable","11":"purchasable","12":"product-type-simple"},"yoast_head":"<!-- This site is optimized with the Yoast SEO plugin v27.4 - https:\/\/yoast.com\/product\/yoast-seo-wordpress\/ -->\n<title>\u0110\u00e0o Mai Trang: Song H\u00e0nh V\u1edbi Ngh\u1ec7 Thu\u1eadt - Matca<\/title>\n<meta name=\"robots\" content=\"index, follow, max-snippet:-1, max-image-preview:large, max-video-preview:-1\" \/>\n<link rel=\"canonical\" href=\"https:\/\/matca.vn\/en\/san-pham\/dao-mai-trang-song-hanh-voi-nghe-thuat\/\" \/>\n<meta property=\"og:locale\" content=\"en_US\" \/>\n<meta property=\"og:type\" content=\"article\" \/>\n<meta property=\"og:title\" content=\"\u0110\u00e0o Mai Trang: Song H\u00e0nh V\u1edbi Ngh\u1ec7 Thu\u1eadt - Matca\" \/>\n<meta property=\"og:description\" content=\"T\u1ed5ng h\u1ee3p ph\u1ecfng v\u1ea5n v\u00e0 ti\u1ec3u lu\u1eadn v\u1ec1 nhi\u1ec1u v\u1ea5n \u0111\u1ec1 trong ngh\u1ec7 thu\u1eadt th\u1ecb gi\u00e1c t\u1ea1i Vi\u1ec7t Nam, tuy\u1ec3n ch\u1ecdn t\u1eeb g\u1ea7n 20 n\u0103m l\u00e0m b\u00e1o c\u1ee7a t\u00e1c gi\u1ea3.\" \/>\n<meta property=\"og:url\" content=\"https:\/\/matca.vn\/en\/san-pham\/dao-mai-trang-song-hanh-voi-nghe-thuat\/\" \/>\n<meta property=\"og:site_name\" content=\"Matca\" \/>\n<meta property=\"article:publisher\" content=\"https:\/\/www.facebook.com\/matca.vn\" \/>\n<meta property=\"article:modified_time\" content=\"2026-01-26T07:19:53+00:00\" \/>\n<meta property=\"og:image\" content=\"https:\/\/matca.vn\/wp-content\/uploads\/2020\/08\/matcashop_songhanhnghethuat_001.jpg\" \/>\n\t<meta property=\"og:image:width\" content=\"2000\" \/>\n\t<meta property=\"og:image:height\" content=\"2000\" \/>\n\t<meta property=\"og:image:type\" content=\"image\/jpeg\" \/>\n<meta name=\"twitter:card\" content=\"summary_large_image\" \/>\n<meta name=\"twitter:site\" content=\"@matcavn\" \/>\n<meta name=\"twitter:label1\" content=\"Est. reading time\" \/>\n\t<meta name=\"twitter:data1\" content=\"1 minute\" \/>\n<script type=\"application\/ld+json\" class=\"yoast-schema-graph\">{\"@context\":\"https:\\\/\\\/schema.org\",\"@graph\":[{\"@type\":\"WebPage\",\"@id\":\"https:\\\/\\\/matca.vn\\\/en\\\/san-pham\\\/dao-mai-trang-song-hanh-voi-nghe-thuat\\\/\",\"url\":\"https:\\\/\\\/matca.vn\\\/en\\\/san-pham\\\/dao-mai-trang-song-hanh-voi-nghe-thuat\\\/\",\"name\":\"\u0110\u00e0o Mai Trang: Song H\u00e0nh V\u1edbi Ngh\u1ec7 Thu\u1eadt - Matca\",\"isPartOf\":{\"@id\":\"https:\\\/\\\/matca.vn\\\/en\\\/#website\"},\"primaryImageOfPage\":{\"@id\":\"https:\\\/\\\/matca.vn\\\/en\\\/san-pham\\\/dao-mai-trang-song-hanh-voi-nghe-thuat\\\/#primaryimage\"},\"image\":{\"@id\":\"https:\\\/\\\/matca.vn\\\/en\\\/san-pham\\\/dao-mai-trang-song-hanh-voi-nghe-thuat\\\/#primaryimage\"},\"thumbnailUrl\":\"https:\\\/\\\/matca.vn\\\/wp-content\\\/uploads\\\/2020\\\/08\\\/matcashop_songhanhnghethuat_001.jpg\",\"datePublished\":\"2020-08-25T17:28:05+00:00\",\"dateModified\":\"2026-01-26T07:19:53+00:00\",\"breadcrumb\":{\"@id\":\"https:\\\/\\\/matca.vn\\\/en\\\/san-pham\\\/dao-mai-trang-song-hanh-voi-nghe-thuat\\\/#breadcrumb\"},\"inLanguage\":\"en-US\",\"potentialAction\":[{\"@type\":\"ReadAction\",\"target\":[\"https:\\\/\\\/matca.vn\\\/en\\\/san-pham\\\/dao-mai-trang-song-hanh-voi-nghe-thuat\\\/\"]}]},{\"@type\":\"ImageObject\",\"inLanguage\":\"en-US\",\"@id\":\"https:\\\/\\\/matca.vn\\\/en\\\/san-pham\\\/dao-mai-trang-song-hanh-voi-nghe-thuat\\\/#primaryimage\",\"url\":\"https:\\\/\\\/matca.vn\\\/wp-content\\\/uploads\\\/2020\\\/08\\\/matcashop_songhanhnghethuat_001.jpg\",\"contentUrl\":\"https:\\\/\\\/matca.vn\\\/wp-content\\\/uploads\\\/2020\\\/08\\\/matcashop_songhanhnghethuat_001.jpg\",\"width\":2000,\"height\":2000},{\"@type\":\"BreadcrumbList\",\"@id\":\"https:\\\/\\\/matca.vn\\\/en\\\/san-pham\\\/dao-mai-trang-song-hanh-voi-nghe-thuat\\\/#breadcrumb\",\"itemListElement\":[{\"@type\":\"ListItem\",\"position\":1,\"name\":\"Home\",\"item\":\"https:\\\/\\\/matca.vn\\\/en\\\/\"},{\"@type\":\"ListItem\",\"position\":2,\"name\":\"Store\",\"item\":\"https:\\\/\\\/matca.vn\\\/en\\\/store\\\/\"},{\"@type\":\"ListItem\",\"position\":3,\"name\":\"\u0110\u00e0o Mai Trang: Song H\u00e0nh V\u1edbi Ngh\u1ec7 Thu\u1eadt\"}]},{\"@type\":\"WebSite\",\"@id\":\"https:\\\/\\\/matca.vn\\\/en\\\/#website\",\"url\":\"https:\\\/\\\/matca.vn\\\/en\\\/\",\"name\":\"Matca\",\"description\":\"A gathering space for photographers &amp; visual artists in Vietnam.\",\"potentialAction\":[{\"@type\":\"SearchAction\",\"target\":{\"@type\":\"EntryPoint\",\"urlTemplate\":\"https:\\\/\\\/matca.vn\\\/en\\\/?s={search_term_string}\"},\"query-input\":{\"@type\":\"PropertyValueSpecification\",\"valueRequired\":true,\"valueName\":\"search_term_string\"}}],\"inLanguage\":\"en-US\"}]}<\/script>\n<!-- \/ Yoast SEO plugin. -->","yoast_head_json":{"title":"\u0110\u00e0o Mai Trang: Song H\u00e0nh V\u1edbi Ngh\u1ec7 Thu\u1eadt - Matca","robots":{"index":"index","follow":"follow","max-snippet":"max-snippet:-1","max-image-preview":"max-image-preview:large","max-video-preview":"max-video-preview:-1"},"canonical":"https:\/\/matca.vn\/en\/san-pham\/dao-mai-trang-song-hanh-voi-nghe-thuat\/","og_locale":"en_US","og_type":"article","og_title":"\u0110\u00e0o Mai Trang: Song H\u00e0nh V\u1edbi Ngh\u1ec7 Thu\u1eadt - Matca","og_description":"T\u1ed5ng h\u1ee3p ph\u1ecfng v\u1ea5n v\u00e0 ti\u1ec3u lu\u1eadn v\u1ec1 nhi\u1ec1u v\u1ea5n \u0111\u1ec1 trong ngh\u1ec7 thu\u1eadt th\u1ecb gi\u00e1c t\u1ea1i Vi\u1ec7t Nam, tuy\u1ec3n ch\u1ecdn t\u1eeb g\u1ea7n 20 n\u0103m l\u00e0m b\u00e1o c\u1ee7a t\u00e1c gi\u1ea3.","og_url":"https:\/\/matca.vn\/en\/san-pham\/dao-mai-trang-song-hanh-voi-nghe-thuat\/","og_site_name":"Matca","article_publisher":"https:\/\/www.facebook.com\/matca.vn","article_modified_time":"2026-01-26T07:19:53+00:00","og_image":[{"width":2000,"height":2000,"url":"https:\/\/matca.vn\/wp-content\/uploads\/2020\/08\/matcashop_songhanhnghethuat_001.jpg","type":"image\/jpeg"}],"twitter_card":"summary_large_image","twitter_site":"@matcavn","twitter_misc":{"Est. reading time":"1 minute"},"schema":{"@context":"https:\/\/schema.org","@graph":[{"@type":"WebPage","@id":"https:\/\/matca.vn\/en\/san-pham\/dao-mai-trang-song-hanh-voi-nghe-thuat\/","url":"https:\/\/matca.vn\/en\/san-pham\/dao-mai-trang-song-hanh-voi-nghe-thuat\/","name":"\u0110\u00e0o Mai Trang: Song H\u00e0nh V\u1edbi Ngh\u1ec7 Thu\u1eadt - Matca","isPartOf":{"@id":"https:\/\/matca.vn\/en\/#website"},"primaryImageOfPage":{"@id":"https:\/\/matca.vn\/en\/san-pham\/dao-mai-trang-song-hanh-voi-nghe-thuat\/#primaryimage"},"image":{"@id":"https:\/\/matca.vn\/en\/san-pham\/dao-mai-trang-song-hanh-voi-nghe-thuat\/#primaryimage"},"thumbnailUrl":"https:\/\/matca.vn\/wp-content\/uploads\/2020\/08\/matcashop_songhanhnghethuat_001.jpg","datePublished":"2020-08-25T17:28:05+00:00","dateModified":"2026-01-26T07:19:53+00:00","breadcrumb":{"@id":"https:\/\/matca.vn\/en\/san-pham\/dao-mai-trang-song-hanh-voi-nghe-thuat\/#breadcrumb"},"inLanguage":"en-US","potentialAction":[{"@type":"ReadAction","target":["https:\/\/matca.vn\/en\/san-pham\/dao-mai-trang-song-hanh-voi-nghe-thuat\/"]}]},{"@type":"ImageObject","inLanguage":"en-US","@id":"https:\/\/matca.vn\/en\/san-pham\/dao-mai-trang-song-hanh-voi-nghe-thuat\/#primaryimage","url":"https:\/\/matca.vn\/wp-content\/uploads\/2020\/08\/matcashop_songhanhnghethuat_001.jpg","contentUrl":"https:\/\/matca.vn\/wp-content\/uploads\/2020\/08\/matcashop_songhanhnghethuat_001.jpg","width":2000,"height":2000},{"@type":"BreadcrumbList","@id":"https:\/\/matca.vn\/en\/san-pham\/dao-mai-trang-song-hanh-voi-nghe-thuat\/#breadcrumb","itemListElement":[{"@type":"ListItem","position":1,"name":"Home","item":"https:\/\/matca.vn\/en\/"},{"@type":"ListItem","position":2,"name":"Store","item":"https:\/\/matca.vn\/en\/store\/"},{"@type":"ListItem","position":3,"name":"\u0110\u00e0o Mai Trang: Song H\u00e0nh V\u1edbi Ngh\u1ec7 Thu\u1eadt"}]},{"@type":"WebSite","@id":"https:\/\/matca.vn\/en\/#website","url":"https:\/\/matca.vn\/en\/","name":"Matca","description":"A gathering space for photographers &amp; visual artists in Vietnam.","potentialAction":[{"@type":"SearchAction","target":{"@type":"EntryPoint","urlTemplate":"https:\/\/matca.vn\/en\/?s={search_term_string}"},"query-input":{"@type":"PropertyValueSpecification","valueRequired":true,"valueName":"search_term_string"}}],"inLanguage":"en-US"}]}},"jetpack_sharing_enabled":true,"_links":{"self":[{"href":"https:\/\/matca.vn\/en\/wp-json\/wp\/v2\/product\/14271","targetHints":{"allow":["GET"]}}],"collection":[{"href":"https:\/\/matca.vn\/en\/wp-json\/wp\/v2\/product"}],"about":[{"href":"https:\/\/matca.vn\/en\/wp-json\/wp\/v2\/types\/product"}],"wp:featuredmedia":[{"embeddable":true,"href":"https:\/\/matca.vn\/en\/wp-json\/wp\/v2\/media\/14273"}],"wp:attachment":[{"href":"https:\/\/matca.vn\/en\/wp-json\/wp\/v2\/media?parent=14271"}],"wp:term":[{"taxonomy":"product_brand","embeddable":true,"href":"https:\/\/matca.vn\/en\/wp-json\/wp\/v2\/product_brand?post=14271"},{"taxonomy":"product_cat","embeddable":true,"href":"https:\/\/matca.vn\/en\/wp-json\/wp\/v2\/product_cat?post=14271"},{"taxonomy":"product_tag","embeddable":true,"href":"https:\/\/matca.vn\/en\/wp-json\/wp\/v2\/product_tag?post=14271"}],"curies":[{"name":"wp","href":"https:\/\/api.w.org\/{rel}","templated":true}]}}